{"id":9821,"date":"2025-11-06T12:37:48","date_gmt":"2025-11-06T10:37:48","guid":{"rendered":"https:\/\/www.nieafsmitt.com\/products\/ni-s102-geluidssterkte-meter\/"},"modified":"2025-11-06T12:37:48","modified_gmt":"2025-11-06T10:37:48","slug":"ni-s102-geluidssterkte-meter","status":"publish","type":"product","link":"https:\/\/www.nieafsmitt.com\/nl\/producten\/ni-s102-geluidssterkte-meter\/","title":{"rendered":"NI S102 Geluidssterkte meter"},"content":{"rendered":"<p><strong>Dit product is niet meer leverbaar en vervangen door de <a href=\"https:\/\/www.nieafsmitt.com\/nl\/producten\/ni-s105-geluidsniveaumeter\/\">NI S105<\/a><\/strong><\/p>\n<p>&nbsp;<\/p>\n<p>De NI S102 is een handzame geluidsterktemeter met automatische selectie van het meetbereik (Laag-midden-hoog). Door de ge\u00efntegreerde meetkop is het instrument met \u00e9\u00e9n hand te bedienen. <\/p>\n<p>Middels de functietoetsen is de meetwijze geheel naar eigen wens te selecteren, langzaam (slow) \u00f3f snel (fast) en frequentie A of C.<\/p>\n<h3>Kenmerken<\/h3>\n<ul>\n<li>Automatisch bereik<\/li>\n<li>Verlicht display<\/li>\n<li>Min-max hold<\/li>\n<li>Automatische uitschakeling<\/li>\n<li>Langzame en snelle uitlezing<\/li>\n<\/ul>\n<h3>Specificaties<\/h3>\n<table border=\"0\" cellspacing=\"0\" cellpadding=\"0\">\n<tbody>\n<tr>\n<td>Functie<\/td>\n<td><strong>Bereik<\/strong><\/td>\n<td><strong>Nauwkeurigheid<\/strong><\/td>\n<\/tr>\n<tr>\n<td>Geluidsterkte<\/td>\n<td>LO: 30 ~ 80 dB<br \/>\nME: 50 ~ 100 dB<br \/>\nHI: 80 ! 130 dB<\/td>\n<td>+ 1.5 dB<br \/>\n(ref 94 dB @ 1 kHz)<\/td>\n<\/tr>\n<tr>\n<td><strong>Algemeen<\/strong><\/td>\n<td><\/td>\n<td><\/td>\n<\/tr>\n<tr>\n<td>Auto uitschakeling<\/td>\n<td colspan=\"2\">20 min<\/td>\n<\/tr>\n<tr>\n<td>Frequentie<\/td>\n<td colspan=\"2\">A\/C<\/td>\n<\/tr>\n<tr>\n<td>Resolutie<\/td>\n<td colspan=\"2\">0.1 dB<\/td>\n<\/tr>\n<tr>\n<td>Norm<\/td>\n<td colspan=\"2\">IEC 651 type 2, ANSI S1.4 type 2<\/td>\n<\/tr>\n<tr>\n<td>Voeding<\/td>\n<td colspan=\"2\">1x 9 V batterij<\/td>\n<\/tr>\n<tr>\n<td>Afmetingen<\/td>\n<td colspan=\"2\">280 x 80 x 32 mm<\/td>\n<\/tr>\n<tr>\n<td>Gewicht<\/td>\n<td colspan=\"2\">300 g<\/td>\n<\/tr>\n<tr>\n<td>Inclusief<\/td>\n<td colspan=\"2\">Spons, opbergtas, handleiding, batterij<\/td>\n<\/tr>\n<\/tbody>\n<\/table>\n<div class=\"footer-newsletter\"><\/div>\n","protected":false},"excerpt":{"rendered":"<p>Dit product is niet meer leverbaar en vervangen door de NI S105 &nbsp; De NI S102 is een handzame geluidsterktemeter met automatische selectie van het meetbereik (Laag-midden-hoog). Door de ge\u00efntegreerde meetkop is het instrument met \u00e9\u00e9n hand te bedienen. Middels de functietoetsen is de meetwijze geheel naar eigen wens te selecteren, langzaam (slow) \u00f3f snel [&hellip;]<\/p>\n","protected":false},"featured_media":9753,"template":"","meta":{"inline_featured_image":false},"product_brand":[],"product_cat":[97],"product_tag":[],"class_list":{"0":"post-9821","1":"product","2":"type-product","3":"status-publish","4":"has-post-thumbnail","6":"product_cat-niet-meer-verkrijgbaar","8":"first","9":"instock","10":"shipping-taxable","11":"product-type-simple"},"meta_box":{"productnaam":"NI S102 Geluidssterkte meter","artikelnummer":"","specificaties":[],"specificaties-4-kolommen":[],"documenten":"<p><a href=\"https:\/\/www.nieafsmitt.com\/wp-content\/uploads\/2025\/11\/ni-s102-nl.pdf\">ni-s102-nl<\/a><\/p>\n<p><a href=\"https:\/\/www.nieafsmitt.com\/wp-content\/uploads\/2025\/11\/handleiding-ni-s102-nieaf-smitt.pdf\">handleiding-ni-s102-nieaf-smitt<\/a><\/p>\n","veel_gestelde_vragen":[],"media":[],"top_seller_image":[],"top_seller_copy":""},"_links":{"self":[{"href":"https:\/\/www.nieafsmitt.com\/nl\/wp-json\/wp\/v2\/product\/9821","targetHints":{"allow":["GET"]}}],"collection":[{"href":"https:\/\/www.nieafsmitt.com\/nl\/wp-json\/wp\/v2\/product"}],"about":[{"href":"https:\/\/www.nieafsmitt.com\/nl\/wp-json\/wp\/v2\/types\/product"}],"wp:featuredmedia":[{"embeddable":true,"href":"https:\/\/www.nieafsmitt.com\/nl\/wp-json\/wp\/v2\/media\/9753"}],"wp:attachment":[{"href":"https:\/\/www.nieafsmitt.com\/nl\/wp-json\/wp\/v2\/media?parent=9821"}],"wp:term":[{"taxonomy":"product_brand","embeddable":true,"href":"https:\/\/www.nieafsmitt.com\/nl\/wp-json\/wp\/v2\/product_brand?post=9821"},{"taxonomy":"product_cat","embeddable":true,"href":"https:\/\/www.nieafsmitt.com\/nl\/wp-json\/wp\/v2\/product_cat?post=9821"},{"taxonomy":"product_tag","embeddable":true,"href":"https:\/\/www.nieafsmitt.com\/nl\/wp-json\/wp\/v2\/product_tag?post=9821"}],"curies":[{"name":"wp","href":"https:\/\/api.w.org\/{rel}","templated":true}]}}