{"id":10303,"date":"2025-11-28T14:16:11","date_gmt":"2025-11-28T12:16:11","guid":{"rendered":"https:\/\/www.nieafsmitt.com\/?post_type=product&#038;p=10303"},"modified":"2025-11-28T14:21:38","modified_gmt":"2025-11-28T12:21:38","slug":"pv1525-pv-tester","status":"publish","type":"product","link":"https:\/\/www.nieafsmitt.com\/nl\/producten\/pv1525-pv-tester\/","title":{"rendered":"PV1525 PV tester"},"content":{"rendered":"<h3>PV tester voor de elektrische veiligheid van fotovolta\u00efsche systemen<\/h3>\n<p>De nieuwe 1525 is het ideale handheld apparaat voor elektrische veiligheidstesten van fotovolta\u00efsche systemen &#8211; of het nu gaat om huishoudelijke of commerci\u00eble installaties. Met een spanningsmeting van 1500 V DC en een kortsluitstroom van 25A bent u ideaal uitgerust voor de huidige en toekomstige PV systemen.<\/p>\n<p>De PV 1525 is een uiterst compacte en snelle PV-installatie tester met helder kleuren display. De PV1525 combineert alle PV elektrische test functies, volgens de EN 62446 norm, in \u00e9\u00e9n veilige en handig in gebruik geheel.<\/p>\n<h3>Kenmerken<\/h3>\n<p>\u00b7 Meten van open klemspanning (Uoc) tot 1500 V DC<br \/>\n\u00b7 Meten van kortsluitstroom (Isc) tot 25 A.<br \/>\n\u00b7 Uitvoeren van isolatieweerstandmeting (Riso) tot 1500 V DC<br \/>\n\u00b7 Meten van aardverbindingen (indien aanwezig) (Rpe) met 200 mA<br \/>\n\u00b7 Intu\u00eftieve en gebruiksvriendelijke menunavigatie<br \/>\n\u00b7 Compact, draagbaar en lichtgewicht, IDEAL voor gebruik in het veld<br \/>\n\u00b7 Bluetooth-interface met PV-Mobile App<br \/>\n\u00b7 SolarCerts software voor het analyseren van de metingen<br \/>\n\u00b7 Meten van stroom en vermogen met meegeleverde Bluetooth stroomtang<br \/>\n\u00b7 Intern geheugen voor 1000 testresultaten<br \/>\n\u00b7 Verbeterde instralingsmeter met Long Range (LoRa) technologie.<\/p>\n<h3>Inclusief:<\/h3>\n<p>1 \u00d7 PV1525 instrument<br \/>\n1 \u00d7 Set 4 mm testsnoeren (rood, zwart en geel) met krokodillen klemmen<br \/>\n1 \u00d7 Set test snoeren instrument naar MC4 test snoeren (Geelen zwart)<br \/>\n1 \u00d7 Oplaadbare accupack 1 \u00d7 Batterijlaadstation<br \/>\n1 \u00d7 Snelstarthandleiding PV1525<br \/>\n1 \u00d7 Kalibratiecertificaat PV1525<br \/>\n1 \u00d7 PV1500 Stroomtang<br \/>\n1 \u00d7 SS200LR Instralingsmeter<br \/>\n1 \u00d7 Montagebeugel voor instralingsmeter met snelkoppeling<br \/>\n1 \u00d7 Draagtas<br \/>\n1 \u00d7 SolarCert software Licentie<\/p>\n","protected":false},"excerpt":{"rendered":"<p>PV tester voor de elektrische veiligheid van fotovolta\u00efsche systemen De nieuwe 1525 is het ideale handheld apparaat voor elektrische veiligheidstesten van fotovolta\u00efsche systemen &#8211; of het nu gaat om huishoudelijke of commerci\u00eble installaties. Met een spanningsmeting van 1500 V DC en een kortsluitstroom van 25A bent u ideaal uitgerust voor de huidige en toekomstige PV [&hellip;]<\/p>\n","protected":false},"featured_media":10308,"template":"","meta":{"inline_featured_image":false},"product_brand":[],"product_cat":[89],"product_tag":[],"class_list":{"0":"post-10303","1":"product","2":"type-product","3":"status-publish","4":"has-post-thumbnail","6":"product_cat-solar-pv-testers","8":"first","9":"instock","10":"shipping-taxable","11":"product-type-simple"},"meta_box":{"productnaam":"PV1525","artikelnummer":"626001117","specificaties":[{"item":"Algemene specificaties ","omschrijving":"PV1525"},{"item":"kortsluitstroom (Max)","omschrijving":" 25A"},{"item":"open klemspanning (Max) ","omschrijving":"1500V"},{"item":"Maximaal opgenomen vermogen ","omschrijving":"37.5kW"},{"item":"Maximale Isolatie Weerstand Spanning ","omschrijving":"1500V"},{"item":"Doorgang \/ verbinding test ","omschrijving":"200mA"},{"item":"Display ","omschrijving":"Kleurenscherm"},{"item":"Geheugen ","omschrijving":"999"},{"item":"Invoeren Paneel ID ","omschrijving":"JA"},{"item":"Intelligente Bescherming tegen hoge inschakelstromen ","omschrijving":"JA"},{"item":"Instralingsbereik ","omschrijving":"1500W\/m\u00b2"},{"item":"Stroomtang toepassing ","omschrijving":"Draadloos en Standalone"},{"item":"Download Methode ","omschrijving":"Bluetooth"}],"specificaties-4-kolommen":[],"documenten":"<p><a href=\"https:\/\/www.nieafsmitt.com\/wp-content\/uploads\/2025\/11\/pv1525-Quickstart-manual.pdf\">pv1525 Snelstart handleiding<\/a><\/p>\n<p><a href=\"https:\/\/www.nieafsmitt.com\/wp-content\/uploads\/2025\/11\/PV1525-Full-Manual.pdf\">PV1525 Handleiding<\/a><\/p>\n<p><a href=\"https:\/\/www.nieafsmitt.com\/wp-content\/uploads\/2025\/11\/ss200lr-quickstart-manual.pdf\">ss200lr Snelstart handleiding<\/a><\/p>\n","veel_gestelde_vragen":[],"media":[],"top_seller_image":[],"top_seller_copy":""},"_links":{"self":[{"href":"https:\/\/www.nieafsmitt.com\/nl\/wp-json\/wp\/v2\/product\/10303","targetHints":{"allow":["GET"]}}],"collection":[{"href":"https:\/\/www.nieafsmitt.com\/nl\/wp-json\/wp\/v2\/product"}],"about":[{"href":"https:\/\/www.nieafsmitt.com\/nl\/wp-json\/wp\/v2\/types\/product"}],"wp:featuredmedia":[{"embeddable":true,"href":"https:\/\/www.nieafsmitt.com\/nl\/wp-json\/wp\/v2\/media\/10308"}],"wp:attachment":[{"href":"https:\/\/www.nieafsmitt.com\/nl\/wp-json\/wp\/v2\/media?parent=10303"}],"wp:term":[{"taxonomy":"product_brand","embeddable":true,"href":"https:\/\/www.nieafsmitt.com\/nl\/wp-json\/wp\/v2\/product_brand?post=10303"},{"taxonomy":"product_cat","embeddable":true,"href":"https:\/\/www.nieafsmitt.com\/nl\/wp-json\/wp\/v2\/product_cat?post=10303"},{"taxonomy":"product_tag","embeddable":true,"href":"https:\/\/www.nieafsmitt.com\/nl\/wp-json\/wp\/v2\/product_tag?post=10303"}],"curies":[{"name":"wp","href":"https:\/\/api.w.org\/{rel}","templated":true}]}}